{"id":20,"date":"2025-10-26T16:47:33","date_gmt":"2025-10-26T15:47:33","guid":{"rendered":"https:\/\/phidere.fr\/?page_id=20"},"modified":"2026-02-17T21:35:01","modified_gmt":"2026-02-17T20:35:01","slug":"realisations","status":"publish","type":"page","link":"https:\/\/phidere.fr\/?page_id=20","title":{"rendered":"R\u00e9alisations"},"content":{"rendered":"\n<p>Chez PHIDERE, nous sommes fi\u00e8res de vous pr\u00e9senter les projets auxquels nous avons contribu\u00e9 !<\/p>\n\n\n\n<div class=\"wp-block-columns is-layout-flex wp-container-core-columns-is-layout-28f84493 wp-block-columns-is-layout-flex\">\n<div class=\"wp-block-column is-layout-flow wp-block-column-is-layout-flow\">\n<figure class=\"wp-block-image alignfull size-full\"><img loading=\"lazy\" decoding=\"async\" width=\"490\" height=\"871\" src=\"https:\/\/phidere.fr\/wp-content\/uploads\/2026\/02\/GRETRY-edited.png\" alt=\"\" class=\"wp-image-194\" srcset=\"https:\/\/phidere.fr\/wp-content\/uploads\/2026\/02\/GRETRY-edited.png 490w, https:\/\/phidere.fr\/wp-content\/uploads\/2026\/02\/GRETRY-edited-169x300.png 169w\" sizes=\"auto, (max-width: 490px) 100vw, 490px\" \/><figcaption class=\"wp-element-caption\">Montmorency &#8211; habitation &#8211; 400m2<\/figcaption><\/figure>\n<\/div>\n\n\n\n<div class=\"wp-block-column is-layout-flow wp-block-column-is-layout-flow\">\n<figure class=\"wp-block-image size-large\"><img loading=\"lazy\" decoding=\"async\" width=\"1152\" height=\"2048\" src=\"https:\/\/phidere.fr\/wp-content\/uploads\/2026\/02\/TEXEI-9-edited.jpg\" alt=\"\" class=\"wp-image-193\" srcset=\"https:\/\/phidere.fr\/wp-content\/uploads\/2026\/02\/TEXEI-9-edited.jpg 1152w, https:\/\/phidere.fr\/wp-content\/uploads\/2026\/02\/TEXEI-9-edited-169x300.jpg 169w, https:\/\/phidere.fr\/wp-content\/uploads\/2026\/02\/TEXEI-9-edited-576x1024.jpg 576w, https:\/\/phidere.fr\/wp-content\/uploads\/2026\/02\/TEXEI-9-edited-768x1365.jpg 768w, https:\/\/phidere.fr\/wp-content\/uploads\/2026\/02\/TEXEI-9-edited-864x1536.jpg 864w\" sizes=\"auto, (max-width: 1152px) 100vw, 1152px\" \/><figcaption class=\"wp-element-caption\"><em>Paris 8\u00e8me &#8211; Bureaux 300m2<\/em><\/figcaption><\/figure>\n<\/div>\n\n\n\n<div class=\"wp-block-column is-layout-flow wp-block-column-is-layout-flow\">\n<figure class=\"wp-block-image alignfull size-full\"><img loading=\"lazy\" decoding=\"async\" width=\"484\" height=\"861\" src=\"https:\/\/phidere.fr\/wp-content\/uploads\/2026\/02\/RUE-DE-LILLE-5-edited.jpg\" alt=\"\" class=\"wp-image-192\" srcset=\"https:\/\/phidere.fr\/wp-content\/uploads\/2026\/02\/RUE-DE-LILLE-5-edited.jpg 484w, https:\/\/phidere.fr\/wp-content\/uploads\/2026\/02\/RUE-DE-LILLE-5-edited-169x300.jpg 169w\" sizes=\"auto, (max-width: 484px) 100vw, 484px\" \/><figcaption class=\"wp-element-caption\">Paris 4\u00e8me &#8211; H\u00f4tel 5*- chambre t\u00e9moin &#8211; 90m2<\/figcaption><\/figure>\n<\/div>\n<\/div>\n\n\n\n<hr class=\"wp-block-separator has-alpha-channel-opacity\"\/>\n\n\n\n<div class=\"wp-block-columns is-layout-flex wp-container-core-columns-is-layout-28f84493 wp-block-columns-is-layout-flex\">\n<div class=\"wp-block-column is-layout-flow wp-block-column-is-layout-flow\">\n<figure class=\"wp-block-image size-full\"><img loading=\"lazy\" decoding=\"async\" width=\"484\" height=\"861\" src=\"https:\/\/phidere.fr\/wp-content\/uploads\/2026\/02\/LUXURY-4-edited.jpg\" alt=\"\" class=\"wp-image-191\" srcset=\"https:\/\/phidere.fr\/wp-content\/uploads\/2026\/02\/LUXURY-4-edited.jpg 484w, https:\/\/phidere.fr\/wp-content\/uploads\/2026\/02\/LUXURY-4-edited-169x300.jpg 169w\" sizes=\"auto, (max-width: 484px) 100vw, 484px\" \/><figcaption class=\"wp-element-caption\">Paris 8\u00e8me &#8211; Ecole h\u00f4teli\u00e8re &#8211; 400m2<\/figcaption><\/figure>\n<\/div>\n\n\n\n<div class=\"wp-block-column is-layout-flow wp-block-column-is-layout-flow\">\n<figure class=\"wp-block-image alignfull size-full\"><img loading=\"lazy\" decoding=\"async\" width=\"484\" height=\"861\" src=\"https:\/\/phidere.fr\/wp-content\/uploads\/2026\/02\/POMPIER-5-edited.jpg\" alt=\"\" class=\"wp-image-190\" srcset=\"https:\/\/phidere.fr\/wp-content\/uploads\/2026\/02\/POMPIER-5-edited.jpg 484w, https:\/\/phidere.fr\/wp-content\/uploads\/2026\/02\/POMPIER-5-edited-169x300.jpg 169w\" sizes=\"auto, (max-width: 484px) 100vw, 484px\" \/><figcaption class=\"wp-element-caption\">Paris 15\u00e8me &#8211; Hall caserne &#8211; 120m2<\/figcaption><\/figure>\n<\/div>\n\n\n\n<div class=\"wp-block-column is-layout-flow wp-block-column-is-layout-flow\">\n<figure class=\"wp-block-image alignfull size-large\"><img loading=\"lazy\" decoding=\"async\" width=\"1152\" height=\"2048\" src=\"https:\/\/phidere.fr\/wp-content\/uploads\/2026\/02\/TEXEI-10-edited.jpg\" alt=\"\" class=\"wp-image-189\" srcset=\"https:\/\/phidere.fr\/wp-content\/uploads\/2026\/02\/TEXEI-10-edited.jpg 1152w, https:\/\/phidere.fr\/wp-content\/uploads\/2026\/02\/TEXEI-10-edited-169x300.jpg 169w, https:\/\/phidere.fr\/wp-content\/uploads\/2026\/02\/TEXEI-10-edited-576x1024.jpg 576w, https:\/\/phidere.fr\/wp-content\/uploads\/2026\/02\/TEXEI-10-edited-768x1365.jpg 768w, https:\/\/phidere.fr\/wp-content\/uploads\/2026\/02\/TEXEI-10-edited-864x1536.jpg 864w\" sizes=\"auto, (max-width: 1152px) 100vw, 1152px\" \/><figcaption class=\"wp-element-caption\">Paris 8\u00e8me &#8211; bureau &#8211; 240m2<\/figcaption><\/figure>\n<\/div>\n<\/div>\n\n\n\n<div class=\"wp-block-columns is-layout-flex wp-container-core-columns-is-layout-28f84493 wp-block-columns-is-layout-flex\">\n<div class=\"wp-block-column is-layout-flow wp-block-column-is-layout-flow\">\n<figure class=\"wp-block-image alignfull size-full\"><img loading=\"lazy\" decoding=\"async\" width=\"475\" height=\"845\" src=\"https:\/\/phidere.fr\/wp-content\/uploads\/2026\/02\/enghien-2-edited.png\" alt=\"\" class=\"wp-image-188\" srcset=\"https:\/\/phidere.fr\/wp-content\/uploads\/2026\/02\/enghien-2-edited.png 475w, https:\/\/phidere.fr\/wp-content\/uploads\/2026\/02\/enghien-2-edited-169x300.png 169w\" sizes=\"auto, (max-width: 475px) 100vw, 475px\" \/><figcaption class=\"wp-element-caption\">Enghien-les-Bains &#8211; habitation &#8211; 190m2<\/figcaption><\/figure>\n<\/div>\n\n\n\n<div class=\"wp-block-column is-layout-flow wp-block-column-is-layout-flow\">\n<figure class=\"wp-block-image aligncenter size-large\"><img loading=\"lazy\" decoding=\"async\" width=\"1439\" height=\"2560\" src=\"https:\/\/phidere.fr\/wp-content\/uploads\/2026\/02\/levallois-edited-scaled.jpg\" alt=\"\" class=\"wp-image-187\" srcset=\"https:\/\/phidere.fr\/wp-content\/uploads\/2026\/02\/levallois-edited-scaled.jpg 1439w, https:\/\/phidere.fr\/wp-content\/uploads\/2026\/02\/levallois-edited-169x300.jpg 169w, https:\/\/phidere.fr\/wp-content\/uploads\/2026\/02\/levallois-edited-576x1024.jpg 576w, https:\/\/phidere.fr\/wp-content\/uploads\/2026\/02\/levallois-edited-768x1366.jpg 768w, https:\/\/phidere.fr\/wp-content\/uploads\/2026\/02\/levallois-edited-864x1536.jpg 864w, https:\/\/phidere.fr\/wp-content\/uploads\/2026\/02\/levallois-edited-1151x2048.jpg 1151w\" sizes=\"auto, (max-width: 1439px) 100vw, 1439px\" \/><figcaption class=\"wp-element-caption\">Levallois &#8211; bureaux &#8211; 200m2<\/figcaption><\/figure>\n<\/div>\n\n\n\n<div class=\"wp-block-column is-layout-flow wp-block-column-is-layout-flow\">\n<figure class=\"wp-block-image alignfull size-full\"><img loading=\"lazy\" decoding=\"async\" width=\"485\" height=\"863\" src=\"https:\/\/phidere.fr\/wp-content\/uploads\/2026\/02\/bureaux-neuilly-edited.png\" alt=\"\" class=\"wp-image-186\" srcset=\"https:\/\/phidere.fr\/wp-content\/uploads\/2026\/02\/bureaux-neuilly-edited.png 485w, https:\/\/phidere.fr\/wp-content\/uploads\/2026\/02\/bureaux-neuilly-edited-169x300.png 169w\" sizes=\"auto, (max-width: 485px) 100vw, 485px\" \/><figcaption class=\"wp-element-caption\">Neuilly &#8211; Bureaux &#8211; 830m2<\/figcaption><\/figure>\n<\/div>\n<\/div>\n\n\n\n<p>\u00e0 suivre&#8230;<\/p>\n\n\n\n<p><\/p>\n","protected":false},"excerpt":{"rendered":"<p>Chez PHIDERE, nous sommes fi\u00e8res de vous pr\u00e9senter les projets auxquels nous avons contribu\u00e9 ! \u00e0 suivre&#8230;<\/p>\n","protected":false},"author":1,"featured_media":0,"parent":0,"menu_order":0,"comment_status":"closed","ping_status":"closed","template":"","meta":{"_kadence_starter_templates_imported_post":false,"footnotes":""},"class_list":["post-20","page","type-page","status-publish","hentry"],"blocksy_meta":[],"_links":{"self":[{"href":"https:\/\/phidere.fr\/index.php?rest_route=\/wp\/v2\/pages\/20","targetHints":{"allow":["GET"]}}],"collection":[{"href":"https:\/\/phidere.fr\/index.php?rest_route=\/wp\/v2\/pages"}],"about":[{"href":"https:\/\/phidere.fr\/index.php?rest_route=\/wp\/v2\/types\/page"}],"author":[{"embeddable":true,"href":"https:\/\/phidere.fr\/index.php?rest_route=\/wp\/v2\/users\/1"}],"replies":[{"embeddable":true,"href":"https:\/\/phidere.fr\/index.php?rest_route=%2Fwp%2Fv2%2Fcomments&post=20"}],"version-history":[{"count":4,"href":"https:\/\/phidere.fr\/index.php?rest_route=\/wp\/v2\/pages\/20\/revisions"}],"predecessor-version":[{"id":195,"href":"https:\/\/phidere.fr\/index.php?rest_route=\/wp\/v2\/pages\/20\/revisions\/195"}],"wp:attachment":[{"href":"https:\/\/phidere.fr\/index.php?rest_route=%2Fwp%2Fv2%2Fmedia&parent=20"}],"curies":[{"name":"wp","href":"https:\/\/api.w.org\/{rel}","templated":true}]}}