{"id":44,"date":"2025-10-26T16:44:43","date_gmt":"2025-10-26T15:44:43","guid":{"rendered":"https:\/\/phidere.fr\/?page_id=44"},"modified":"2026-02-16T23:34:44","modified_gmt":"2026-02-16T22:34:44","slug":"accueil","status":"publish","type":"page","link":"https:\/\/phidere.fr\/","title":{"rendered":"Accueil"},"content":{"rendered":"\n<h2 class=\"wp-block-heading\"><strong>PHIDERE, des comp\u00e9tences au service d&rsquo;un projet<\/strong><\/h2>\n\n\n\n<figure class=\"wp-block-gallery has-nested-images columns-default is-cropped wp-block-gallery-1 is-layout-flex wp-block-gallery-is-layout-flex\">\n<figure class=\"wp-block-image size-large\"><img loading=\"lazy\" decoding=\"async\" width=\"1024\" height=\"683\" data-id=\"80\" src=\"https:\/\/phidere.fr\/wp-content\/uploads\/2026\/01\/LEVALLOIS-12-rue-Barbes-1024x683.jpg\" alt=\"\" class=\"wp-image-80\" srcset=\"https:\/\/phidere.fr\/wp-content\/uploads\/2026\/01\/LEVALLOIS-12-rue-Barbes-1024x683.jpg 1024w, https:\/\/phidere.fr\/wp-content\/uploads\/2026\/01\/LEVALLOIS-12-rue-Barbes-300x200.jpg 300w, https:\/\/phidere.fr\/wp-content\/uploads\/2026\/01\/LEVALLOIS-12-rue-Barbes-768x512.jpg 768w, https:\/\/phidere.fr\/wp-content\/uploads\/2026\/01\/LEVALLOIS-12-rue-Barbes-1536x1024.jpg 1536w, https:\/\/phidere.fr\/wp-content\/uploads\/2026\/01\/LEVALLOIS-12-rue-Barbes-2048x1365.jpg 2048w\" sizes=\"auto, (max-width: 1024px) 100vw, 1024px\" \/><\/figure>\n<\/figure>\n\n\n\n<h1 class=\"wp-block-heading\">Des projets ma\u00eetris\u00e9s, de l\u2019id\u00e9e \u00e0 la r\u00e9alisation<\/h1>\n\n\n\n<blockquote class=\"wp-block-quote is-style-plain is-layout-flow wp-block-quote-is-layout-flow\">\n<p>Expert en b\u00e2timent depuis 2013, nous accompagnons nos clients \u00e0 chaque \u00e9tape de leur projet, de la d\u00e9finition du besoin jusqu\u2019\u00e0 la livraison, pour des op\u00e9rations s\u00e9curis\u00e9es, ma\u00eetris\u00e9es et sans mauvaise surprise. C&rsquo;est par notre accompagnement d\u00e8s la recherche du futur lieu par des missions de conseil, que nous avons une pleine ma\u00eetrise du projet que cela soit par le design, l&rsquo;ing\u00e9nierie, le co\u00fbt et les d\u00e9lais.<\/p>\n\n\n\n<h4 class=\"wp-block-heading\">Vous avez un projet de travaux ou d&rsquo;achat immobilier?<\/h4>\n<\/blockquote>\n\n\n\n<p>Un projet avec des travaux est souvent complexe, engageant et risqu\u00e9 sans accompagnement adapt\u00e9.<br>Entre les choix techniques, les co\u00fbts, les d\u00e9lais et la coordination des intervenants, il est essentiel d\u2019\u00eatre bien entour\u00e9 d\u00e8s le d\u00e9part.<\/p>\n\n\n\n<p>Nous intervenons comme <strong>interlocuteur unique et expert<\/strong>, pour vous aider \u00e0 prendre les bonnes d\u00e9cisions et piloter votre projet en toute s\u00e9r\u00e9nit\u00e9.<\/p>\n\n\n\n<p>Entour\u00e9 d&rsquo;ing\u00e9nieurs en b\u00e2timent et d&rsquo;architectes designers, PHIDERE permet de vous mettre \u00e0 disposition les comp\u00e9tences pour un accompagnement global, \u00e0 chaque \u00e9tape.<\/p>\n\n\n\n<p>Notre architecture, pens\u00e9e jusqu&rsquo;au moindre d\u00e9tail, est sublim\u00e9 par une rigueur qui est au service du beau. Nos projets ne sont pas seulement des projets du b\u00e2timent, nous les sublimons par des d\u00e9tails pens\u00e9s par nos designers donnant une \u00e2me au lieu.<\/p>\n\n\n\n<figure class=\"wp-block-image aligncenter size-large is-resized\"><img loading=\"lazy\" decoding=\"async\" width=\"1024\" height=\"682\" src=\"https:\/\/phidere.fr\/wp-content\/uploads\/2026\/01\/1765376741149_L1000538-1024x682.jpg\" alt=\"\" class=\"wp-image-97\" style=\"width:1032px;height:auto\" srcset=\"https:\/\/phidere.fr\/wp-content\/uploads\/2026\/01\/1765376741149_L1000538-1024x682.jpg 1024w, https:\/\/phidere.fr\/wp-content\/uploads\/2026\/01\/1765376741149_L1000538-300x200.jpg 300w, https:\/\/phidere.fr\/wp-content\/uploads\/2026\/01\/1765376741149_L1000538-768x511.jpg 768w, https:\/\/phidere.fr\/wp-content\/uploads\/2026\/01\/1765376741149_L1000538-1536x1022.jpg 1536w, https:\/\/phidere.fr\/wp-content\/uploads\/2026\/01\/1765376741149_L1000538.jpg 2048w\" sizes=\"auto, (max-width: 1024px) 100vw, 1024px\" \/><\/figure>\n\n\n\n<p><\/p>\n\n\n\n<h2 class=\"wp-block-heading\">LA METHODOLOGIE PHIDERE &#8211; professionnelle, entre efficacit\u00e9 et ma\u00eetrise<\/h2>\n\n\n\n<p>Une m\u00e9thodologie soign\u00e9e et \u00e9prouv\u00e9e, fruit de plusieurs ann\u00e9es d&rsquo;exp\u00e9rience faites de r\u00e9ussites mais aussi d&rsquo;\u00e9checs, qui permet le meilleur accompagnement \u00e0 toutes les \u00e9tapes cl\u00e9s. Vous b\u00e9n\u00e9ficiez des le\u00e7ons apprises de nos erreurs pass\u00e9es mais \u00e9galement des b\u00e9n\u00e9fices de nos r\u00e9ussites : une m\u00e9thode qui nous convient et r\u00e9ussi \u00e0 nos projets.<\/p>\n\n\n\n<p><\/p>\n\n\n\n<div class=\"wp-block-columns is-layout-flex wp-container-core-columns-is-layout-28f84493 wp-block-columns-is-layout-flex\">\n<div class=\"wp-block-column is-vertically-aligned-center is-layout-flow wp-block-column-is-layout-flow\" style=\"flex-basis:33.33%\">\n<figure class=\"wp-block-image aligncenter size-full is-resized\"><img loading=\"lazy\" decoding=\"async\" width=\"1024\" height=\"768\" src=\"https:\/\/phidere.fr\/wp-content\/uploads\/2026\/02\/Essai-edited.png\" alt=\"\" class=\"wp-image-166\" style=\"width:319px;height:auto\" srcset=\"https:\/\/phidere.fr\/wp-content\/uploads\/2026\/02\/Essai-edited.png 1024w, https:\/\/phidere.fr\/wp-content\/uploads\/2026\/02\/Essai-edited-300x225.png 300w, https:\/\/phidere.fr\/wp-content\/uploads\/2026\/02\/Essai-edited-768x576.png 768w\" sizes=\"auto, (max-width: 1024px) 100vw, 1024px\" \/><\/figure>\n<\/div>\n\n\n\n<div class=\"wp-block-column is-layout-flow wp-block-column-is-layout-flow\" style=\"flex-basis:66.66%\">\n<h3 class=\"wp-block-heading\">01 \u2014 Vision strat\u00e9gique &amp; cadrage du projet : le recueil des besoins<\/h3>\n\n\n\n<p>Chaque projet d\u00e9bute par un recueil de vos besoins. Notre expertise en la mati\u00e8re permet d&rsquo;\u00e9tablir un programme pr\u00e9cis de votre projet. Le programme est l&rsquo;\u00e9l\u00e9ment cl\u00e9 du projet car elle permet de le structurer, de le programmer dans le temps et d&rsquo;\u00e9viter les oublis ou les manquements. Notre exp\u00e9rience permet de vous poser les bonnes questions pour alimenter votre r\u00e9flexion et co-construire avec vous. Il est essentiel de ne pas n\u00e9gliger cette \u00e9tape. <\/p>\n\n\n\n<p><em><strong>\u201cAvant de construire, nous pensons, structurons et donnons du sens.\u201d<\/strong><\/em><\/p>\n\n\n\n<p><\/p>\n<\/div>\n<\/div>\n\n\n\n<div class=\"wp-block-columns is-layout-flex wp-container-core-columns-is-layout-28f84493 wp-block-columns-is-layout-flex\">\n<div class=\"wp-block-column is-layout-flow wp-block-column-is-layout-flow\" style=\"flex-basis:66.66%\">\n<h3 class=\"wp-block-heading\">02 \u2014 Lire l&rsquo;existant : assistance dans la recherche du lieu id\u00e9al<\/h3>\n\n\n\n<p>Fort de notre expertise dans le monde du b\u00e2timent, nous conseillons nos clients dans le choix du lieux en analysant le b\u00e2ti existant en l&rsquo;analysant sous toutes ses coutures : la thermique, l&rsquo;acoustique, la structure, l&rsquo;incendie, l&rsquo;enveloppe, la r\u00e9glementation, &#8230; Notre analyse vous permet de confronter votre futur lieu et votre programme en mesurant le co\u00fbt, les risques et le d\u00e9lais. Cette analyse vous donnera toutes les informations utiles pour d\u00e9cider de mani\u00e8re \u00e9clair\u00e9.<\/p>\n\n\n\n<p>Notre casquette d&rsquo;architecte nous permet \u00e9galement de mesurer pleinement le potentiel d&rsquo;un bien et de se projeter sur le futur projet. Plus qu&rsquo;un projet architectural, PHIDERE vous propose un concept permettant de cr\u00e9er une \u00e2me et d&rsquo;incarner votre identit\u00e9 \u00e0 travers vos valeurs.<\/p>\n\n\n\n<p><strong><em>\u00ab\u00a0L&rsquo;audit de site et l&rsquo;analyse du b\u00e2ti est l&rsquo;\u00e9tape qui nous diff\u00e9rencie de nos concurrents par notre ultra rigorisme pouss\u00e9 \u00e0 l&rsquo;extr\u00eame et notre ma\u00eetrise totale de l&rsquo;ensemble des sujets touchant de pr\u00eat ou de loin au b\u00e2timent\u00a0\u00bb<\/em><\/strong><\/p>\n<\/div>\n\n\n\n<div class=\"wp-block-column is-vertically-aligned-center is-layout-flow wp-block-column-is-layout-flow\" style=\"flex-basis:33.33%\">\n<figure class=\"wp-block-image alignfull size-full\"><img loading=\"lazy\" decoding=\"async\" width=\"1024\" height=\"768\" src=\"https:\/\/phidere.fr\/wp-content\/uploads\/2026\/02\/Audit-edited.png\" alt=\"\" class=\"wp-image-165\" srcset=\"https:\/\/phidere.fr\/wp-content\/uploads\/2026\/02\/Audit-edited.png 1024w, https:\/\/phidere.fr\/wp-content\/uploads\/2026\/02\/Audit-edited-300x225.png 300w, https:\/\/phidere.fr\/wp-content\/uploads\/2026\/02\/Audit-edited-768x576.png 768w\" sizes=\"auto, (max-width: 1024px) 100vw, 1024px\" \/><\/figure>\n<\/div>\n<\/div>\n\n\n\n<p><\/p>\n\n\n\n<div class=\"wp-block-columns is-layout-flex wp-container-core-columns-is-layout-28f84493 wp-block-columns-is-layout-flex\">\n<div class=\"wp-block-column is-vertically-aligned-center is-layout-flow wp-block-column-is-layout-flow\" style=\"flex-basis:33.33%\">\n<figure class=\"wp-block-image alignwide size-full\"><img loading=\"lazy\" decoding=\"async\" width=\"1024\" height=\"768\" src=\"https:\/\/phidere.fr\/wp-content\/uploads\/2026\/02\/Conception-edited.png\" alt=\"\" class=\"wp-image-163\" srcset=\"https:\/\/phidere.fr\/wp-content\/uploads\/2026\/02\/Conception-edited.png 1024w, https:\/\/phidere.fr\/wp-content\/uploads\/2026\/02\/Conception-edited-300x225.png 300w, https:\/\/phidere.fr\/wp-content\/uploads\/2026\/02\/Conception-edited-768x576.png 768w\" sizes=\"auto, (max-width: 1024px) 100vw, 1024px\" \/><\/figure>\n<\/div>\n\n\n\n<div class=\"wp-block-column is-layout-flow wp-block-column-is-layout-flow\" style=\"flex-basis:66.66%\">\n<h3 class=\"wp-block-heading\">03 \u2014 Une conception sur mesure<\/h3>\n\n\n\n<p>Les architectes de Phidere sont des designeurs d&rsquo;int\u00e9rieurs, des cr\u00e9ateurs de lieux, des am\u00e9nageurs passionn\u00e9s et des grands sensibles aux d\u00e9tails et au bien-\u00eatre des futurs utilisateurs ou occupants. A partir du programme, de l&rsquo;audit avec toutes les contraintes qui en d\u00e9coulent ainsi que le concept, nous t\u00e2chons de vous concevoir l&rsquo;espace le plus coh\u00e9rent, fonctionnel et incarnant le plus vos valeurs. Nos ing\u00e9nieurs rendrons votre lieux confortable et agr\u00e9able en travaillant sur ce qui n&rsquo;est pas visible : la technique du b\u00e2timent. C&rsquo;est cette dualit\u00e9 qui vous offre le meilleur espace possible tout en prenant en compte la ma\u00eetrise de votre budget gr\u00e2ce \u00e0 culture du \u00ab\u00a0value engineering\u00a0\u00bb <\/p>\n\n\n\n<p>\u00ab\u00a0<em><strong>Notre pr\u00e9cision technique structure l\u2019\u00e9motion architecturale\u00a0\u00bb<\/strong><\/em><\/p>\n<\/div>\n<\/div>\n\n\n\n<p><\/p>\n\n\n\n<div class=\"wp-block-columns is-layout-flex wp-container-core-columns-is-layout-28f84493 wp-block-columns-is-layout-flex\">\n<div class=\"wp-block-column is-layout-flow wp-block-column-is-layout-flow\" style=\"flex-basis:66.66%\">\n<h3 class=\"wp-block-heading\">04 \u2014 Des travaux planifi\u00e9s, ordonnanc\u00e9s et ma\u00eetris\u00e9s<\/h3>\n\n\n\n<p>Nos \u00e9quipes suivent la bonne ex\u00e9cution d\u2019un projet de construction ou de r\u00e9habilitation, du lancement jusqu\u2019\u00e0 la livraison finale. Notre \u00e9quipe est constitu\u00e9 d&rsquo;ing\u00e9nieurs, d&rsquo;architectes, de chefs de chantier et d&rsquo;ouvrier qualifi\u00e9 et minutieusement choisi selon le profil de l&rsquo;op\u00e9ration. Nous croyons en la force du collectif et du d\u00e9passement de soi pour d\u00e9livrer des projets de qualit\u00e9. C&rsquo;est avant tout la passion du travail bien r\u00e9alis\u00e9 qui anime chacun des membres de nos \u00e9quipes. Des travaux bien r\u00e9alis\u00e9s, ma\u00eetris\u00e9s tant sur le budget et le tout dans la bonne humeur et l&rsquo;envie de partager une belle exp\u00e9rience avec nos clients.<\/p>\n\n\n\n<p><strong><em>\u00ab\u00a0La cl\u00e9 de la r\u00e9ussite est l&rsquo;art d&rsquo;industrialiser l&rsquo;acte de construire par une planification minutieuse et une connaissance parfaite du terrain avec nos ouvriers qualifi\u00e9s. Nous sommes avant tout des constructeurs.\u00a0\u00bb<\/em><\/strong><\/p>\n\n\n\n<p><\/p>\n<\/div>\n\n\n\n<div class=\"wp-block-column is-vertically-aligned-center is-layout-flow wp-block-column-is-layout-flow\" style=\"flex-basis:33.33%\">\n<figure class=\"wp-block-image alignwide size-large\"><img loading=\"lazy\" decoding=\"async\" width=\"1024\" height=\"681\" src=\"https:\/\/phidere.fr\/wp-content\/uploads\/2026\/02\/travaux-1024x681.jpg\" alt=\"\" class=\"wp-image-141\" srcset=\"https:\/\/phidere.fr\/wp-content\/uploads\/2026\/02\/travaux-1024x681.jpg 1024w, https:\/\/phidere.fr\/wp-content\/uploads\/2026\/02\/travaux-300x200.jpg 300w, https:\/\/phidere.fr\/wp-content\/uploads\/2026\/02\/travaux-768x511.jpg 768w, https:\/\/phidere.fr\/wp-content\/uploads\/2026\/02\/travaux.jpg 1536w\" sizes=\"auto, (max-width: 1024px) 100vw, 1024px\" \/><\/figure>\n<\/div>\n<\/div>\n\n\n\n<div class=\"wp-block-columns is-layout-flex wp-container-core-columns-is-layout-28f84493 wp-block-columns-is-layout-flex\">\n<div class=\"wp-block-column is-vertically-aligned-center is-layout-flow wp-block-column-is-layout-flow\" style=\"flex-basis:33.33%\">\n<figure class=\"wp-block-image size-large\"><img loading=\"lazy\" decoding=\"async\" width=\"1366\" height=\"1024\" src=\"https:\/\/phidere.fr\/wp-content\/uploads\/2026\/02\/Salon-edited.png\" alt=\"\" class=\"wp-image-161\" srcset=\"https:\/\/phidere.fr\/wp-content\/uploads\/2026\/02\/Salon-edited.png 1366w, https:\/\/phidere.fr\/wp-content\/uploads\/2026\/02\/Salon-edited-300x225.png 300w, https:\/\/phidere.fr\/wp-content\/uploads\/2026\/02\/Salon-edited-1024x768.png 1024w, https:\/\/phidere.fr\/wp-content\/uploads\/2026\/02\/Salon-edited-768x576.png 768w\" sizes=\"auto, (max-width: 1366px) 100vw, 1366px\" \/><\/figure>\n<\/div>\n\n\n\n<div class=\"wp-block-column is-layout-flow wp-block-column-is-layout-flow\" style=\"flex-basis:66.66%\">\n<h3 class=\"wp-block-heading\">05 &#8211; Le mobilier et la d\u00e9coration : la touche finale \u00e0 votre projet<\/h3>\n\n\n\n<p>Profitez de nos partenariats en tant que distributeur officiel des fabriquants, et offrez \u00e0 vos espaces un mobilier et une d\u00e9coration unique et \u00e0 votre image, tout en les rendant plus fonctionnels, confortables, accueillants, chaleureux et adapt\u00e9s aux usages. C&rsquo;est la promesse que Phidere vous fait en vous proposant son expertise dans le choix d&rsquo;un mobilier adapt\u00e9 \u00e0 vos usages et adapt\u00e9 \u00e0 votre image.<\/p>\n\n\n\n<p><strong><em>\u00ab\u00a0Nous ne r\u00e9alisons pas de simple travaux, nous apportons notre expertise des premi\u00e8res r\u00e9flexions d&rsquo;un projet jusqu&rsquo;\u00e0 la petite d\u00e9coration. Aucun d\u00e9tail n&rsquo;est laiss\u00e9 au hasard.\u00a0\u00bb<\/em><\/strong><\/p>\n<\/div>\n<\/div>\n\n\n\n<p><\/p>\n\n\n\n<p>Choisir <strong>PHIDERE<\/strong>, c&rsquo;est b\u00e9n\u00e9ficier d\u2019une <strong>vision globale<\/strong>, coh\u00e9rente et ma\u00eetris\u00e9e du d\u00e9but \u00e0 la fin avec des choix \u00e9clair\u00e9s. C&rsquo;est s&rsquo;offrir le partenaire id\u00e9al pour profiter pleinement d&rsquo;une exp\u00e9rience enrichissante et voir les id\u00e9es prendre vie \u00e0 travers l&rsquo;am\u00e9nagement et la construction. Le tout en toute s\u00e9rennit\u00e9.<\/p>\n\n\n\n<p><\/p>\n\n\n\n<p>Vous b\u00e9n\u00e9ficiez donc de tous les expertises permettant un projet r\u00e9ussi.<\/p>\n\n\n\n<p><\/p>\n\n\n\n<p class=\"has-text-align-center\"><strong><em>Pour nous contacter, c&rsquo;est simple : un mail \u00e0 l&rsquo;adresse contact@phidere.fr<\/em><\/strong> !<\/p>\n\n\n\n<p><\/p>\n","protected":false},"excerpt":{"rendered":"<p>PHIDERE, des comp\u00e9tences au service d&rsquo;un projet Des projets ma\u00eetris\u00e9s, de l\u2019id\u00e9e \u00e0 la r\u00e9alisation Expert en b\u00e2timent depuis 2013, nous accompagnons nos clients \u00e0 chaque \u00e9tape de leur projet, de la d\u00e9finition du besoin jusqu\u2019\u00e0 la livraison, pour des op\u00e9rations s\u00e9curis\u00e9es, ma\u00eetris\u00e9es et sans mauvaise surprise. C&rsquo;est par notre accompagnement d\u00e8s la recherche du [&hellip;]<\/p>\n","protected":false},"author":1,"featured_media":0,"parent":0,"menu_order":0,"comment_status":"closed","ping_status":"closed","template":"","meta":{"_kadence_starter_templates_imported_post":false,"footnotes":""},"class_list":["post-44","page","type-page","status-publish","hentry"],"blocksy_meta":[],"_links":{"self":[{"href":"https:\/\/phidere.fr\/index.php?rest_route=\/wp\/v2\/pages\/44","targetHints":{"allow":["GET"]}}],"collection":[{"href":"https:\/\/phidere.fr\/index.php?rest_route=\/wp\/v2\/pages"}],"about":[{"href":"https:\/\/phidere.fr\/index.php?rest_route=\/wp\/v2\/types\/page"}],"author":[{"embeddable":true,"href":"https:\/\/phidere.fr\/index.php?rest_route=\/wp\/v2\/users\/1"}],"replies":[{"embeddable":true,"href":"https:\/\/phidere.fr\/index.php?rest_route=%2Fwp%2Fv2%2Fcomments&post=44"}],"version-history":[{"count":37,"href":"https:\/\/phidere.fr\/index.php?rest_route=\/wp\/v2\/pages\/44\/revisions"}],"predecessor-version":[{"id":169,"href":"https:\/\/phidere.fr\/index.php?rest_route=\/wp\/v2\/pages\/44\/revisions\/169"}],"wp:attachment":[{"href":"https:\/\/phidere.fr\/index.php?rest_route=%2Fwp%2Fv2%2Fmedia&parent=44"}],"curies":[{"name":"wp","href":"https:\/\/api.w.org\/{rel}","templated":true}]}}